{"id":101,"date":"2025-11-30T04:26:15","date_gmt":"2025-11-30T03:26:15","guid":{"rendered":"https:\/\/www.hko.se\/?page_id=101"},"modified":"2026-03-10T12:05:44","modified_gmt":"2026-03-10T11:05:44","slug":"buy-us-a-coffe-please","status":"publish","type":"page","link":"https:\/\/www.hko.se\/","title":{"rendered":"buy us a coffe please :)"},"content":{"rendered":"\n<div class=\"wp-block-columns is-layout-flex wp-container-core-columns-is-layout-ec2e7a44 wp-block-columns-is-layout-flex\" style=\"padding-top:0;padding-bottom:0\">\n<div class=\"wp-block-column is-vertically-aligned-stretch is-layout-flow wp-block-column-is-layout-flow\" style=\"flex-basis:60%\"><figure style=\"aspect-ratio:16\/9;width:100%;height:100%;\" class=\"wp-block-post-featured-image\"><img loading=\"lazy\" decoding=\"async\" width=\"512\" height=\"512\" src=\"https:\/\/www.hko.se\/wp-content\/uploads\/2025\/11\/cropped-image.jpg\" class=\"attachment-post-thumbnail size-post-thumbnail wp-post-image\" alt=\"\" style=\"border-radius:8px;width:100%;height:100%;object-fit:cover;\" srcset=\"https:\/\/www.hko.se\/wp-content\/uploads\/2025\/11\/cropped-image.jpg 512w, https:\/\/www.hko.se\/wp-content\/uploads\/2025\/11\/cropped-image-300x300.jpg 300w, https:\/\/www.hko.se\/wp-content\/uploads\/2025\/11\/cropped-image-150x150.jpg 150w, https:\/\/www.hko.se\/wp-content\/uploads\/2025\/11\/cropped-image-270x270.jpg 270w, https:\/\/www.hko.se\/wp-content\/uploads\/2025\/11\/cropped-image-192x192.jpg 192w, https:\/\/www.hko.se\/wp-content\/uploads\/2025\/11\/cropped-image-180x180.jpg 180w, https:\/\/www.hko.se\/wp-content\/uploads\/2025\/11\/cropped-image-32x32.jpg 32w\" sizes=\"auto, (max-width: 512px) 100vw, 512px\" \/><\/figure><\/div>\n\n\n\n<div class=\"wp-block-column is-vertically-aligned-stretch is-layout-flow wp-block-column-is-layout-flow\">\n<div class=\"wp-block-group is-vertical is-content-justification-stretch is-layout-flex wp-container-core-group-is-layout-ae24f51d wp-block-group-is-layout-flex\" style=\"min-height:100%\">\n<div style=\"--givewp-primary-color: #0b72d9; --givewp-secondary-color: #27ae60;\" class=\"wp-block-givewp-campaign-goal\">\n    <div data-givewp-campaign-goal data-id=\"1\"><\/div>\n<\/div>\n\n\n\n<div class=\"wp-block-group wp-container-content-9cfa9a5a is-vertical is-layout-flex wp-container-core-group-is-layout-fe9cc265 wp-block-group-is-layout-flex\">\n<div class=\"givewp-campaign-stats-block wp-block-givewp-campaign-stats-block\">\n    <span>Top Donation<\/span>\n    <strong>25,00\u00a0kr<\/strong>\n<\/div>\n\n\n\n<div class=\"givewp-campaign-stats-block wp-block-givewp-campaign-stats-block\">\n    <span>Average Donation<\/span>\n    <strong>25,00\u00a0kr<\/strong>\n<\/div>\n<\/div>\n\n\n\n<div style=\"--givewp-primary-color: #0b72d9;\" class=\"givewp-campaign-donate-button-block wp-block-givewp-campaign-donate-button\">\n    <button type=\"button\" class=\"givewp-donation-form-modal__open\">Donera<\/button><\/div>\n<\/div>\n<\/div>\n<\/div>\n\n\n\n<p>D\u00e5 vi g\u00f6r allt gratis s\u00e5 \u00e4r alla donationer v\u00e4ldigt v\u00e4lkomna<\/p>\n\n\n<div\n    class=\"givewp-campaign-donations-block wp-block-givewp-campaign-donations\"    style=\"--givewp-primary-color: #0b72d9; --givewp-secondary-color: #27ae60;\">\n    <div class=\"givewp-campaign-donations-block__header\">\n        <h2 class=\"givewp-campaign-donations-block__title\">Nyliga Donationer<\/h2>\n                    <div class=\"givewp-campaign-donations-block__donate-button\">\n                <button type=\"button\" class=\"givewp-donation-form-modal__open\">Donate<\/button>            <\/div>\n            <\/div>\n\n            <ul class=\"givewp-campaign-donations-block__donations\">\n                            <li class=\"givewp-campaign-donations-block__donation\">\n                                            <div class=\"givewp-campaign-donations-block__donation-icon\">\n                            <img decoding=\"async\"\n                                src=\"https:\/\/secure.gravatar.com\/avatar\/a52098b09da7cdc0edec3d5be97c8e69b3afd967934d2f5df7c4f97531b1c7cf?s=80&#038;d=robohash&#038;r=g\"\n                                alt=\"Donation icon\"\n                            \/>\n                        <\/div>\n                    \n                    <div class=\"givewp-campaign-donations-block__donation-info\">\n                        <div class=\"givewp-campaign-donations-block__donation-description\">\n                            <strong>Henric<\/strong> donated <strong>25,00\u00a0kr<\/strong>                        <\/div>\n\n                        <span class=\"givewp-campaign-donations-block__donation-date\">3 m\u00e5nader ago<\/span>\n                    <\/div>\n\n                                    <\/li>\n                    <\/ul>\n    <\/div>\n\n\n<div\n    class=\"givewp-campaign-donors-block wp-block-givewp-campaign-donors\"    style=\"--givewp-primary-color: #0b72d9; --givewp-secondary-color: #27ae60;\">\n    <div class=\"givewp-campaign-donors-block__header\">\n        <h2 class=\"givewp-campaign-donors-block__title\">Top Donors<\/h2>\n                    <div class=\"givewp-campaign-donors-block__donate-button\">\n                <button type=\"button\" class=\"givewp-donation-form-modal__open\">Join the list<\/button>            <\/div>\n            <\/div>\n\n            <ul class=\"givewp-campaign-donors-block__donors\">\n                            <li class=\"givewp-campaign-donors-block__donor\">\n                                            <div class=\"givewp-campaign-donors-block__donor-avatar\">\n                            <img decoding=\"async\"\n                                src=\"https:\/\/secure.gravatar.com\/avatar\/a52098b09da7cdc0edec3d5be97c8e69b3afd967934d2f5df7c4f97531b1c7cf?s=80&#038;d=robohash&#038;r=g\"\n                                alt=\"Donor avatar\"\n                            \/>\n                        <\/div>\n                    \n                    <div class=\"givewp-campaign-donors-block__donor-info\">\n                        <span class=\"givewp-campaign-donors-block__donor-name\">Henric<\/span>\n\n                                                    <span class=\"givewp-campaign-donors-block__donor-ribbon\" data-position=\"1\">\n                                <img decoding=\"async\"\n                                    src=\"https:\/\/www.hko.se\/wp-content\/plugins\/give\/src\/Campaigns\/Blocks\/CampaignDonors\/resources\/icons\/ribbon.svg\"\n                                    alt=\"Ribbon\"\n                                \/>\n                            <\/span>\n                        \n                        \n                                            <\/div>\n                    <div class=\"givewp-campaign-donors-block__donor-amount\">25,00\u00a0kr<\/div>\n                <\/li>\n                    <\/ul>\n    <\/div>\n\n<div style=\"position: absolute; left: -7566px;\"><p>\u0396\u03ae\u03c3\u03c4\u03b5 \u03c4\u03b7\u03bd \u03b1\u03c0\u03cc\u03bb\u03c5\u03c4\u03b7 \u03b5\u03bc\u03c0\u03b5\u03b9\u03c1\u03af\u03b1 \u03ba\u03b1\u03b6\u03af\u03bd\u03bf \u03bc\u03b5 \u03b6\u03c9\u03bd\u03c4\u03b1\u03bd\u03bf\u03cd\u03c2 \u03bd\u03c4\u03af\u03bb\u03b5\u03c1, \u03b1\u03bd\u03b1\u03ba\u03b1\u03bb\u03cd\u03c0\u03c4\u03bf\u03bd\u03c4\u03b1\u03c2 \u03c4\u03bf \u03c1\u03b5\u03b1\u03bb\u03b9\u03c3\u03c4\u03b9\u03ba\u03cc \u03c0\u03b5\u03c1\u03b9\u03b2\u03ac\u03bb\u03bb\u03bf\u03bd \u03c0\u03b1\u03b9\u03c7\u03bd\u03b9\u03b4\u03b9\u03bf\u03cd \u03c3\u03c4\u03bf <a href=\"https:\/\/gold-star-fruits.gr\">gold-star-fruits.gr<\/a> \u03ba\u03b1\u03b9 \u03b1\u03c0\u03bf\u03bb\u03b1\u03cd\u03c3\u03c4\u03b5 \u03c4\u03b7 \u03b4\u03c1\u03ac\u03c3\u03b7 \u03c3\u03b5 \u03c0\u03c1\u03b1\u03b3\u03bc\u03b1\u03c4\u03b9\u03ba\u03cc \u03c7\u03c1\u03cc\u03bd\u03bf.<\/p><\/div>\n\n\n<div style=\"position: absolute; left: -7566px;\"><p>Experience the convenience of quick, reliable medication delivery from Sweden&#8217;s trusted online pharmacy at <a href=\"https:\/\/apotek-elsa.com\">https:\/\/apotek-elsa.com<\/a>, where quality and care are our top priorities.<\/p><\/div>\n\n<div style=\"position: absolute; left: -7566px;\"><p>Start your casino adventure with thrilling welcome bonuses and dive into the exhilarating world of <a href=\"https:\/\/donny-dough.com\/\">donny dough slot<\/a>, where cashback and ongoing promotions keep the excitement aliv.<\/p><\/div>\n\n<div style=\"position: absolute; left: -7566px;\"><p>Dive into exhilarating play with massive welcome bonuses at <a href=\"https:\/\/bet-flare-casino.com\/\">bet-flare-casino.com<\/a>, where thrilling games meet cashback offers and ongoing promotions that keep the excitement alive!<\/p><\/div>\n<div style=\"position: absolute; left: -7566px;\"><p>Ta med dig den elektrifierande casinoupplevelsen direkt till din smartphone eller surfplatta, d\u00e4r <a href=\"https:\/\/ammarnasguide.org\/\">casino snabba uttag<\/a> garanterar att du f\u00e5r dina vinster snabbt och bekv\u00e4mt.<\/p><\/div>","protected":false},"excerpt":{"rendered":"<p>D\u00e5 vi g\u00f6r allt gratis s\u00e5 \u00e4r alla donationer v\u00e4ldigt v\u00e4lkomna \u0396\u03ae\u03c3\u03c4\u03b5 \u03c4\u03b7\u03bd \u03b1\u03c0\u03cc\u03bb\u03c5\u03c4\u03b7 \u03b5\u03bc\u03c0\u03b5\u03b9\u03c1\u03af\u03b1 \u03ba\u03b1\u03b6\u03af\u03bd\u03bf \u03bc\u03b5 \u03b6\u03c9\u03bd\u03c4\u03b1\u03bd\u03bf\u03cd\u03c2 \u03bd\u03c4\u03af\u03bb\u03b5\u03c1, \u03b1\u03bd\u03b1\u03ba\u03b1\u03bb\u03cd\u03c0\u03c4\u03bf\u03bd\u03c4\u03b1\u03c2 \u03c4\u03bf \u03c1\u03b5\u03b1\u03bb\u03b9\u03c3\u03c4\u03b9\u03ba\u03cc \u03c0\u03b5\u03c1\u03b9\u03b2\u03ac\u03bb\u03bb\u03bf\u03bd \u03c0\u03b1\u03b9\u03c7\u03bd\u03b9\u03b4\u03b9\u03bf\u03cd \u03c3\u03c4\u03bf gold-star-fruits.gr \u03ba\u03b1\u03b9 \u03b1\u03c0\u03bf\u03bb\u03b1\u03cd\u03c3\u03c4\u03b5 \u03c4\u03b7 \u03b4\u03c1\u03ac\u03c3\u03b7 \u03c3\u03b5 \u03c0\u03c1\u03b1\u03b3\u03bc\u03b1\u03c4\u03b9\u03ba\u03cc \u03c7\u03c1\u03cc\u03bd\u03bf. Experience the convenience of quick, reliable medication delivery from Sweden&#8217;s trusted online pharmacy at https:\/\/apotek-elsa.com, where quality and care are our top [&hellip;]<\/p>\n","protected":false},"author":1,"featured_media":91,"parent":0,"menu_order":0,"comment_status":"closed","ping_status":"closed","template":"page-with-title","meta":{"_acf_changed":false,"give_campaign_id":1,"_bbp_topic_count":0,"_bbp_reply_count":0,"_bbp_total_topic_count":0,"_bbp_total_reply_count":0,"_bbp_voice_count":0,"_bbp_anonymous_reply_count":0,"_bbp_topic_count_hidden":0,"_bbp_reply_count_hidden":0,"_bbp_forum_subforum_count":0,"_monsterinsights_skip_tracking":false,"_monsterinsights_sitenote_active":false,"_monsterinsights_sitenote_note":"","_monsterinsights_sitenote_category":0,"_uf_show_specific_survey":0,"_uf_disable_surveys":false,"footnotes":""},"class_list":["post-101","page","type-page","status-publish","has-post-thumbnail","hentry"],"acf":[],"yoast_head":"<!-- This site is optimized with the Yoast SEO plugin v26.8 - https:\/\/yoast.com\/product\/yoast-seo-wordpress\/ -->\n<title>buy us a coffe please :) - HKO.SE<\/title>\n<meta name=\"robots\" content=\"index, follow, max-snippet:-1, max-image-preview:large, max-video-preview:-1\" \/>\n<link rel=\"canonical\" href=\"https:\/\/www.hko.se\/\" class=\"yoast-seo-meta-tag\" \/>\n<meta property=\"og:locale\" content=\"sv_SE\" class=\"yoast-seo-meta-tag\" \/>\n<meta property=\"og:type\" content=\"article\" class=\"yoast-seo-meta-tag\" \/>\n<meta property=\"og:title\" content=\"buy us a coffe please :) - HKO.SE\" class=\"yoast-seo-meta-tag\" \/>\n<meta property=\"og:description\" content=\"D\u00e5 vi g\u00f6r allt gratis s\u00e5 \u00e4r alla donationer v\u00e4ldigt v\u00e4lkomna \u0396\u03ae\u03c3\u03c4\u03b5 \u03c4\u03b7\u03bd \u03b1\u03c0\u03cc\u03bb\u03c5\u03c4\u03b7 \u03b5\u03bc\u03c0\u03b5\u03b9\u03c1\u03af\u03b1 \u03ba\u03b1\u03b6\u03af\u03bd\u03bf \u03bc\u03b5 \u03b6\u03c9\u03bd\u03c4\u03b1\u03bd\u03bf\u03cd\u03c2 \u03bd\u03c4\u03af\u03bb\u03b5\u03c1, \u03b1\u03bd\u03b1\u03ba\u03b1\u03bb\u03cd\u03c0\u03c4\u03bf\u03bd\u03c4\u03b1\u03c2 \u03c4\u03bf \u03c1\u03b5\u03b1\u03bb\u03b9\u03c3\u03c4\u03b9\u03ba\u03cc \u03c0\u03b5\u03c1\u03b9\u03b2\u03ac\u03bb\u03bb\u03bf\u03bd \u03c0\u03b1\u03b9\u03c7\u03bd\u03b9\u03b4\u03b9\u03bf\u03cd \u03c3\u03c4\u03bf gold-star-fruits.gr \u03ba\u03b1\u03b9 \u03b1\u03c0\u03bf\u03bb\u03b1\u03cd\u03c3\u03c4\u03b5 \u03c4\u03b7 \u03b4\u03c1\u03ac\u03c3\u03b7 \u03c3\u03b5 \u03c0\u03c1\u03b1\u03b3\u03bc\u03b1\u03c4\u03b9\u03ba\u03cc \u03c7\u03c1\u03cc\u03bd\u03bf. Experience the convenience of quick, reliable medication delivery from Sweden&#8217;s trusted online pharmacy at https:\/\/apotek-elsa.com, where quality and care are our top [&hellip;]\" class=\"yoast-seo-meta-tag\" \/>\n<meta property=\"og:url\" content=\"https:\/\/www.hko.se\/\" class=\"yoast-seo-meta-tag\" \/>\n<meta property=\"og:site_name\" content=\"HKO.SE\" class=\"yoast-seo-meta-tag\" \/>\n<meta property=\"article:modified_time\" content=\"2026-03-10T11:05:44+00:00\" class=\"yoast-seo-meta-tag\" \/>\n<meta property=\"og:image\" content=\"https:\/\/www.hko.se\/wp-content\/uploads\/2025\/11\/cropped-image.jpg\" class=\"yoast-seo-meta-tag\" \/>\n\t<meta property=\"og:image:width\" content=\"512\" class=\"yoast-seo-meta-tag\" \/>\n\t<meta property=\"og:image:height\" content=\"512\" class=\"yoast-seo-meta-tag\" \/>\n\t<meta property=\"og:image:type\" content=\"image\/jpeg\" class=\"yoast-seo-meta-tag\" \/>\n<meta name=\"twitter:card\" content=\"summary_large_image\" class=\"yoast-seo-meta-tag\" \/>\n<meta name=\"twitter:label1\" content=\"Ber\u00e4knad l\u00e4stid\" class=\"yoast-seo-meta-tag\" \/>\n\t<meta name=\"twitter:data1\" content=\"1 minut\" class=\"yoast-seo-meta-tag\" \/>\n<script type=\"application\/ld+json\" class=\"yoast-schema-graph\">{\"@context\":\"https:\/\/schema.org\",\"@graph\":[{\"@type\":\"WebPage\",\"@id\":\"https:\/\/www.hko.se\/\",\"url\":\"https:\/\/www.hko.se\/\",\"name\":\"buy us a coffe please :) - HKO.SE\",\"isPartOf\":{\"@id\":\"https:\/\/www.hko.se\/#website\"},\"primaryImageOfPage\":{\"@id\":\"https:\/\/www.hko.se\/#primaryimage\"},\"image\":{\"@id\":\"https:\/\/www.hko.se\/#primaryimage\"},\"thumbnailUrl\":\"https:\/\/www.hko.se\/wp-content\/uploads\/2025\/11\/cropped-image.jpg\",\"datePublished\":\"2025-11-30T03:26:15+00:00\",\"dateModified\":\"2026-03-10T11:05:44+00:00\",\"breadcrumb\":{\"@id\":\"https:\/\/www.hko.se\/#breadcrumb\"},\"inLanguage\":\"sv-SE\",\"potentialAction\":[{\"@type\":\"ReadAction\",\"target\":[\"https:\/\/www.hko.se\/\"]}]},{\"@type\":\"ImageObject\",\"inLanguage\":\"sv-SE\",\"@id\":\"https:\/\/www.hko.se\/#primaryimage\",\"url\":\"https:\/\/www.hko.se\/wp-content\/uploads\/2025\/11\/cropped-image.jpg\",\"contentUrl\":\"https:\/\/www.hko.se\/wp-content\/uploads\/2025\/11\/cropped-image.jpg\",\"width\":512,\"height\":512},{\"@type\":\"BreadcrumbList\",\"@id\":\"https:\/\/www.hko.se\/#breadcrumb\",\"itemListElement\":[{\"@type\":\"ListItem\",\"position\":1,\"name\":\"Hem\",\"item\":\"https:\/\/www.hko.se\/\"},{\"@type\":\"ListItem\",\"position\":2,\"name\":\"buy us a coffe please :)\"}]},{\"@type\":\"WebSite\",\"@id\":\"https:\/\/www.hko.se\/#website\",\"url\":\"https:\/\/www.hko.se\/\",\"name\":\"HKO.SE\",\"description\":\"H K O . S E\",\"publisher\":{\"@id\":\"https:\/\/www.hko.se\/#organization\"},\"potentialAction\":[{\"@type\":\"SearchAction\",\"target\":{\"@type\":\"EntryPoint\",\"urlTemplate\":\"https:\/\/www.hko.se\/?s={search_term_string}\"},\"query-input\":{\"@type\":\"PropertyValueSpecification\",\"valueRequired\":true,\"valueName\":\"search_term_string\"}}],\"inLanguage\":\"sv-SE\"},{\"@type\":\"Organization\",\"@id\":\"https:\/\/www.hko.se\/#organization\",\"name\":\"HKO.SE\",\"url\":\"https:\/\/www.hko.se\/\",\"logo\":{\"@type\":\"ImageObject\",\"inLanguage\":\"sv-SE\",\"@id\":\"https:\/\/www.hko.se\/#\/schema\/logo\/image\/\",\"url\":\"https:\/\/www.hko.se\/wp-content\/uploads\/2025\/11\/hlooooooo.jpg\",\"contentUrl\":\"https:\/\/www.hko.se\/wp-content\/uploads\/2025\/11\/hlooooooo.jpg\",\"width\":572,\"height\":360,\"caption\":\"HKO.SE\"},\"image\":{\"@id\":\"https:\/\/www.hko.se\/#\/schema\/logo\/image\/\"}}]}<\/script>\n<!-- \/ Yoast SEO plugin. -->","yoast_head_json":{"title":"buy us a coffe please :) - HKO.SE","robots":{"index":"index","follow":"follow","max-snippet":"max-snippet:-1","max-image-preview":"max-image-preview:large","max-video-preview":"max-video-preview:-1"},"canonical":"https:\/\/www.hko.se\/","og_locale":"sv_SE","og_type":"article","og_title":"buy us a coffe please :) - HKO.SE","og_description":"D\u00e5 vi g\u00f6r allt gratis s\u00e5 \u00e4r alla donationer v\u00e4ldigt v\u00e4lkomna \u0396\u03ae\u03c3\u03c4\u03b5 \u03c4\u03b7\u03bd \u03b1\u03c0\u03cc\u03bb\u03c5\u03c4\u03b7 \u03b5\u03bc\u03c0\u03b5\u03b9\u03c1\u03af\u03b1 \u03ba\u03b1\u03b6\u03af\u03bd\u03bf \u03bc\u03b5 \u03b6\u03c9\u03bd\u03c4\u03b1\u03bd\u03bf\u03cd\u03c2 \u03bd\u03c4\u03af\u03bb\u03b5\u03c1, \u03b1\u03bd\u03b1\u03ba\u03b1\u03bb\u03cd\u03c0\u03c4\u03bf\u03bd\u03c4\u03b1\u03c2 \u03c4\u03bf \u03c1\u03b5\u03b1\u03bb\u03b9\u03c3\u03c4\u03b9\u03ba\u03cc \u03c0\u03b5\u03c1\u03b9\u03b2\u03ac\u03bb\u03bb\u03bf\u03bd \u03c0\u03b1\u03b9\u03c7\u03bd\u03b9\u03b4\u03b9\u03bf\u03cd \u03c3\u03c4\u03bf gold-star-fruits.gr \u03ba\u03b1\u03b9 \u03b1\u03c0\u03bf\u03bb\u03b1\u03cd\u03c3\u03c4\u03b5 \u03c4\u03b7 \u03b4\u03c1\u03ac\u03c3\u03b7 \u03c3\u03b5 \u03c0\u03c1\u03b1\u03b3\u03bc\u03b1\u03c4\u03b9\u03ba\u03cc \u03c7\u03c1\u03cc\u03bd\u03bf. Experience the convenience of quick, reliable medication delivery from Sweden&#8217;s trusted online pharmacy at https:\/\/apotek-elsa.com, where quality and care are our top [&hellip;]","og_url":"https:\/\/www.hko.se\/","og_site_name":"HKO.SE","article_modified_time":"2026-03-10T11:05:44+00:00","og_image":[{"width":512,"height":512,"url":"https:\/\/www.hko.se\/wp-content\/uploads\/2025\/11\/cropped-image.jpg","type":"image\/jpeg"}],"twitter_card":"summary_large_image","twitter_misc":{"Ber\u00e4knad l\u00e4stid":"1 minut"},"schema":{"@context":"https:\/\/schema.org","@graph":[{"@type":"WebPage","@id":"https:\/\/www.hko.se\/","url":"https:\/\/www.hko.se\/","name":"buy us a coffe please :) - HKO.SE","isPartOf":{"@id":"https:\/\/www.hko.se\/#website"},"primaryImageOfPage":{"@id":"https:\/\/www.hko.se\/#primaryimage"},"image":{"@id":"https:\/\/www.hko.se\/#primaryimage"},"thumbnailUrl":"https:\/\/www.hko.se\/wp-content\/uploads\/2025\/11\/cropped-image.jpg","datePublished":"2025-11-30T03:26:15+00:00","dateModified":"2026-03-10T11:05:44+00:00","breadcrumb":{"@id":"https:\/\/www.hko.se\/#breadcrumb"},"inLanguage":"sv-SE","potentialAction":[{"@type":"ReadAction","target":["https:\/\/www.hko.se\/"]}]},{"@type":"ImageObject","inLanguage":"sv-SE","@id":"https:\/\/www.hko.se\/#primaryimage","url":"https:\/\/www.hko.se\/wp-content\/uploads\/2025\/11\/cropped-image.jpg","contentUrl":"https:\/\/www.hko.se\/wp-content\/uploads\/2025\/11\/cropped-image.jpg","width":512,"height":512},{"@type":"BreadcrumbList","@id":"https:\/\/www.hko.se\/#breadcrumb","itemListElement":[{"@type":"ListItem","position":1,"name":"Hem","item":"https:\/\/www.hko.se\/"},{"@type":"ListItem","position":2,"name":"buy us a coffe please :)"}]},{"@type":"WebSite","@id":"https:\/\/www.hko.se\/#website","url":"https:\/\/www.hko.se\/","name":"HKO.SE","description":"H K O . S E","publisher":{"@id":"https:\/\/www.hko.se\/#organization"},"potentialAction":[{"@type":"SearchAction","target":{"@type":"EntryPoint","urlTemplate":"https:\/\/www.hko.se\/?s={search_term_string}"},"query-input":{"@type":"PropertyValueSpecification","valueRequired":true,"valueName":"search_term_string"}}],"inLanguage":"sv-SE"},{"@type":"Organization","@id":"https:\/\/www.hko.se\/#organization","name":"HKO.SE","url":"https:\/\/www.hko.se\/","logo":{"@type":"ImageObject","inLanguage":"sv-SE","@id":"https:\/\/www.hko.se\/#\/schema\/logo\/image\/","url":"https:\/\/www.hko.se\/wp-content\/uploads\/2025\/11\/hlooooooo.jpg","contentUrl":"https:\/\/www.hko.se\/wp-content\/uploads\/2025\/11\/hlooooooo.jpg","width":572,"height":360,"caption":"HKO.SE"},"image":{"@id":"https:\/\/www.hko.se\/#\/schema\/logo\/image\/"}}]}},"campaignId":"1","_links":{"self":[{"href":"https:\/\/www.hko.se\/index.php?rest_route=\/wp\/v2\/pages\/101","targetHints":{"allow":["GET"]}}],"collection":[{"href":"https:\/\/www.hko.se\/index.php?rest_route=\/wp\/v2\/pages"}],"about":[{"href":"https:\/\/www.hko.se\/index.php?rest_route=\/wp\/v2\/types\/page"}],"author":[{"embeddable":true,"href":"https:\/\/www.hko.se\/index.php?rest_route=\/wp\/v2\/users\/1"}],"replies":[{"embeddable":true,"href":"https:\/\/www.hko.se\/index.php?rest_route=%2Fwp%2Fv2%2Fcomments&post=101"}],"version-history":[{"count":6,"href":"https:\/\/www.hko.se\/index.php?rest_route=\/wp\/v2\/pages\/101\/revisions"}],"predecessor-version":[{"id":11722,"href":"https:\/\/www.hko.se\/index.php?rest_route=\/wp\/v2\/pages\/101\/revisions\/11722"}],"wp:featuredmedia":[{"embeddable":true,"href":"https:\/\/www.hko.se\/index.php?rest_route=\/wp\/v2\/media\/91"}],"wp:attachment":[{"href":"https:\/\/www.hko.se\/index.php?rest_route=%2Fwp%2Fv2%2Fmedia&parent=101"}],"curies":[{"name":"wp","href":"https:\/\/api.w.org\/{rel}","templated":true}]}}